{"id":57,"date":"2018-10-17T18:41:28","date_gmt":"2018-10-17T18:41:28","guid":{"rendered":"https:\/\/azoteaestudio.com.ar\/wpress\/?page_id=57"},"modified":"2018-10-26T14:40:39","modified_gmt":"2018-10-26T14:40:39","slug":"servicios","status":"publish","type":"page","link":"https:\/\/azoteaestudio.com.ar\/wpress\/servicios\/","title":{"rendered":"Servicios"},"content":{"rendered":"<p>&nbsp;<\/p>\n<p><span style=\"color: #808080;\">Impresi\u00f3n 3D<\/span><\/p>\n<p><span style=\"color: #808080;\">Se\u00f1al\u00e9tica<\/span><\/p>\n<p><span style=\"color: #808080;\">Intervenciones vinilicas<\/span><\/p>\n<p><span style=\"color: #808080;\">Maquetas<\/span><\/p>\n","protected":false},"excerpt":{"rendered":"<p>&nbsp; Impresi\u00f3n 3D Se\u00f1al\u00e9tica Intervenciones vinilicas Maquetas<\/p>\n","protected":false},"author":2,"featured_media":0,"parent":0,"menu_order":0,"comment_status":"closed","ping_status":"closed","template":"","meta":{"footnotes":""},"class_list":["post-57","page","type-page","status-publish","hentry"],"_links":{"self":[{"href":"https:\/\/azoteaestudio.com.ar\/wpress\/wp-json\/wp\/v2\/pages\/57","targetHints":{"allow":["GET"]}}],"collection":[{"href":"https:\/\/azoteaestudio.com.ar\/wpress\/wp-json\/wp\/v2\/pages"}],"about":[{"href":"https:\/\/azoteaestudio.com.ar\/wpress\/wp-json\/wp\/v2\/types\/page"}],"author":[{"embeddable":true,"href":"https:\/\/azoteaestudio.com.ar\/wpress\/wp-json\/wp\/v2\/users\/2"}],"replies":[{"embeddable":true,"href":"https:\/\/azoteaestudio.com.ar\/wpress\/wp-json\/wp\/v2\/comments?post=57"}],"version-history":[{"count":4,"href":"https:\/\/azoteaestudio.com.ar\/wpress\/wp-json\/wp\/v2\/pages\/57\/revisions"}],"predecessor-version":[{"id":144,"href":"https:\/\/azoteaestudio.com.ar\/wpress\/wp-json\/wp\/v2\/pages\/57\/revisions\/144"}],"wp:attachment":[{"href":"https:\/\/azoteaestudio.com.ar\/wpress\/wp-json\/wp\/v2\/media?parent=57"}],"curies":[{"name":"wp","href":"https:\/\/api.w.org\/{rel}","templated":true}]}}