{"id":62,"date":"2018-10-17T18:43:14","date_gmt":"2018-10-17T18:43:14","guid":{"rendered":"https:\/\/azoteaestudio.com.ar\/wpress\/?page_id=62"},"modified":"2023-11-01T11:50:31","modified_gmt":"2023-11-01T11:50:31","slug":"contact","status":"publish","type":"page","link":"https:\/\/azoteaestudio.com.ar\/wpress\/contact\/","title":{"rendered":"Contacto"},"content":{"rendered":"<p>Te: 3415638007<\/p>\n<p>e-mail: info@azoetaestudio.com.ar<\/p>\n\n\n<p><strong><code>\n\n<div\n\t\tclass=\"pirate_forms_container widget-no\"\n\t\tid=\"pirate_forms_container_default\">\n\t<!-- header -->\n\t\n\t<!-- thank you -->\n\t\n\t<div class=\"pirate_forms_wrap\">\n\t\t<!-- errors -->\n\t\t\n\t\t<!-- form -->\n\t\t\n\t\t<form\n\t\t\t\tmethod=\"post\"\n\t\t\t\tenctype=\"multipart\/form-data\"\n\t\t\t\tclass=\"pirate_forms  form_honeypot-on wordpress-nonce-on pirate-forms-contact-name-on pirate-forms-contact-email-on pirate-forms-contact-subject-on pirate-forms-contact-message-on pirate-forms-attachment-on pirate-forms-contact-submit-on pirate_forms_from_form-on\"\n\t\t\t\t\t>\n\t\t\t<div class=\"pirate_forms_three_inputs_wrap \">\n\t\t\t\t\n\n<div class=\"col-lg-4 col-sm-4 form_field_wrap\">\n\t\t<input\n\t\t\ttype=\"text\"\n\t\t\tclass=\"form-control input\" id=\"pirate-forms-contact-name\" name=\"pirate-forms-contact-name\" class=\"\" placeholder=\"Nombre\" required oninvalid=\"this.setCustomValidity('Escriba su nombre')\" onchange=\"this.setCustomValidity('')\" value=\"\" >\n<\/div>\n\n\n<div class=\"col-lg-4 col-sm-4 form_field_wrap\">\n\t\t<input type=\"email\" class=\"form-control\" id=\"pirate-forms-contact-email\" name=\"pirate-forms-contact-email\" class=\"\" placeholder=\"Correo electr\u00f3nico\" required oninvalid=\"this.setCustomValidity('Escriba una direcci\u00f3n de correo electr\u00f3nico v\u00e1lida')\" onchange=\"this.setCustomValidity('')\" value=\"\">\n<\/div>\n\n\n<div class=\"col-lg-4 col-sm-4 form_field_wrap\">\n\t\t<input\n\t\t\ttype=\"text\"\n\t\t\tclass=\"form-control input\" id=\"pirate-forms-contact-subject\" name=\"pirate-forms-contact-subject\" class=\"\" placeholder=\"Asunto\" required oninvalid=\"this.setCustomValidity('Por favor, escriba un asunto')\" onchange=\"this.setCustomValidity('')\" value=\"\" >\n<\/div>\n\t\t\t<\/div>\n\n\t\t\t\n\n<div class=\"col-lg-12 col-sm-12 form_field_wrap\">\n\t\t<textarea\n\t\t\trows=\"5\" cols=\"30\"\n\t\t\tclass=\"form-control input\" id=\"pirate-forms-contact-message\" name=\"pirate-forms-contact-message\" class=\"\" placeholder=\"Mensaje\" required oninvalid=\"this.setCustomValidity('Escriba su pregunta o comentario')\" onchange=\"this.setCustomValidity('')\" ><\/textarea>\n<\/div>\n\n\n<div class=\"col-xs-12 form_field_wrap contact_attachment_wrap col-xs-12 form_field_wrap contact_attachment_wrap\">\n\t<div class=\"pirate-forms-file-upload-wrapper\">\n\t\t<div class=\"pirate-forms-file-upload-wrapper\">\n\t\t\t<input\n\t\t\t\t\ttype=\"file\"\n\t\t\t\t\tclass=\"form-control\" id=\"pirate-forms-attachment\" name=\"pirate-forms-attachment\" class=\"pirate-forms-file-upload-input\" placeholder=\"\"  value=\"\"\t\t\t\t\ttabindex=\"-1\"><\/div>\n\t<\/div>\n<\/div>\n\n\n<div class=\"col-xs-12 form_field_wrap contact_submit_wrap\">\n\t<button type=\"submit\" class=\"btn btn-primary custom-button red-btn pirate-forms-submit-button\" id=\"pirate-forms-contact-submit\" name=\"pirate-forms-contact-submit\" class=\"pirate-forms-submit-button btn btn-primary \" placeholder=\"\" >Enviar mensaje<\/button>\n<\/div>\n<input type=\"hidden\" id=\"pirate_forms_ajax\" name=\"pirate_forms_ajax\" class=\"\" placeholder=\"\"  value=\"0\"><div class=\"form_field_wrap hidden\" style=\"display: none\"><input type=\"text\" id=\"form_honeypot\" name=\"honeypot\" class=\"\" placeholder=\"\"  value=\"\"><\/div><input type=\"hidden\" id=\"pirate_forms_from_widget\" name=\"pirate_forms_from_widget\" class=\"\" placeholder=\"\"  value=\"0\"><input type=\"hidden\" id=\"wordpress-nonce\" name=\"wordpress-nonce\" class=\"\" placeholder=\"\"  value=\"3bf4ced906\"><input type=\"hidden\" id=\"pirate_forms_from_form\" name=\"pirate_forms_from_form\" class=\"\" placeholder=\"\"  value=\"c9b59184a6\">\t\t<\/form>\n\n\t\t\n\t\t<div class=\"pirate_forms_clearfix\"><\/div>\n\t<\/div>\n\n\t<!-- footer -->\n\t<\/div>\n<\/code><\/strong><\/p>\n","protected":false},"excerpt":{"rendered":"<p>Te: 3415638007 e-mail: info@azoetaestudio.com.ar<\/p>\n","protected":false},"author":2,"featured_media":0,"parent":0,"menu_order":0,"comment_status":"closed","ping_status":"closed","template":"","meta":{"footnotes":""},"class_list":["post-62","page","type-page","status-publish","hentry"],"_links":{"self":[{"href":"https:\/\/azoteaestudio.com.ar\/wpress\/wp-json\/wp\/v2\/pages\/62","targetHints":{"allow":["GET"]}}],"collection":[{"href":"https:\/\/azoteaestudio.com.ar\/wpress\/wp-json\/wp\/v2\/pages"}],"about":[{"href":"https:\/\/azoteaestudio.com.ar\/wpress\/wp-json\/wp\/v2\/types\/page"}],"author":[{"embeddable":true,"href":"https:\/\/azoteaestudio.com.ar\/wpress\/wp-json\/wp\/v2\/users\/2"}],"replies":[{"embeddable":true,"href":"https:\/\/azoteaestudio.com.ar\/wpress\/wp-json\/wp\/v2\/comments?post=62"}],"version-history":[{"count":4,"href":"https:\/\/azoteaestudio.com.ar\/wpress\/wp-json\/wp\/v2\/pages\/62\/revisions"}],"predecessor-version":[{"id":672,"href":"https:\/\/azoteaestudio.com.ar\/wpress\/wp-json\/wp\/v2\/pages\/62\/revisions\/672"}],"wp:attachment":[{"href":"https:\/\/azoteaestudio.com.ar\/wpress\/wp-json\/wp\/v2\/media?parent=62"}],"curies":[{"name":"wp","href":"https:\/\/api.w.org\/{rel}","templated":true}]}}